{"id":4509,"date":"2025-02-06T09:12:58","date_gmt":"2025-02-06T09:12:58","guid":{"rendered":"https:\/\/www.dutchwasabi.nl\/?post_type=product&#038;p=4509"},"modified":"2026-03-05T07:49:47","modified_gmt":"2026-03-05T06:49:47","slug":"syrha-blatt-25stk","status":"publish","type":"product","link":"https:\/\/www.dutchwasabi.nl\/de\/syrha-blad-25st\/","title":{"rendered":"Frische Syrha-Bl\u00e4tter (Berg-Sauerampferblatt, Rumex) - 25 St\u00fcck"},"content":{"rendered":"<p><span style=\"color: #000000;\">Syrha Leaves verleiht Salaten, Suppen, Fischgerichten und Wild einen frisch-s\u00e4uerlichen Akzent.<\/span><\/p>\n<p><span style=\"color: #000000;\">Syrha Leaves kommen in Fruchtsalaten zur Geltung, kombiniert mit roten Fr\u00fcchten, wei\u00dfer Schokolade oder auch Koriander. Der Geschmack kommt von der nat\u00fcrlichen Oxal- und Ascorbins\u00e4ure.<\/span><\/p>\n<p><span style=\"color: #000000;\">Syrha Leaves sind die blaugr\u00fcnen, silbrig schimmernden Bl\u00e4tter einer Pflanze, die bereits von den \u00c4gyptern und Griechen gesch\u00e4tzt wurde und mit dem Rhabarber verwandt ist. Sie ist in ganz Europa relativ weit verbreitet. Vor allem fette Speisen werden durch die fettemulgierende Eigenschaft dieser Pflanze bek\u00f6mmlicher. Oxals\u00e4ure ist in Kartoffeln und Rhabarber enthalten, Ascorbins\u00e4ure ist besser bekannt als Vitamin C.<\/span><\/p>\n<p><span style=\"color: #000000;\">Syrha Leaves sind das ganze Jahr \u00fcber erh\u00e4ltlich.<\/span><\/p>","protected":false},"excerpt":{"rendered":"<p><span style=\"color: #000000;\">Verleiht Salaten, Suppen, Fischgerichten und Wild einen frischen, s\u00e4uerlichen Akzent.<\/span><\/p>","protected":false},"featured_media":8624,"template":"","meta":{"_acf_changed":false},"product_brand":[1114],"product_cat":[1036,1035],"product_tag":[337],"class_list":{"0":"post-4509","1":"product","2":"type-product","3":"status-publish","4":"has-post-thumbnail","6":"product_brand-koppert-cress","7":"product_cat-blad","8":"product_cat-vers","9":"product_tag-koppert-cress","10":"product_shipping_class-ups-express","11":"pa_supplier-koppert-cress","13":"first","14":"instock","15":"taxable","16":"shipping-taxable","17":"purchasable","18":"product-type-simple"},"acf":[],"_links":{"self":[{"href":"https:\/\/www.dutchwasabi.nl\/de\/wp-json\/wp\/v2\/product\/4509","targetHints":{"allow":["GET"]}}],"collection":[{"href":"https:\/\/www.dutchwasabi.nl\/de\/wp-json\/wp\/v2\/product"}],"about":[{"href":"https:\/\/www.dutchwasabi.nl\/de\/wp-json\/wp\/v2\/types\/product"}],"wp:featuredmedia":[{"embeddable":true,"href":"https:\/\/www.dutchwasabi.nl\/de\/wp-json\/wp\/v2\/media\/8624"}],"wp:attachment":[{"href":"https:\/\/www.dutchwasabi.nl\/de\/wp-json\/wp\/v2\/media?parent=4509"}],"wp:term":[{"taxonomy":"product_brand","embeddable":true,"href":"https:\/\/www.dutchwasabi.nl\/de\/wp-json\/wp\/v2\/product_brand?post=4509"},{"taxonomy":"product_cat","embeddable":true,"href":"https:\/\/www.dutchwasabi.nl\/de\/wp-json\/wp\/v2\/product_cat?post=4509"},{"taxonomy":"product_tag","embeddable":true,"href":"https:\/\/www.dutchwasabi.nl\/de\/wp-json\/wp\/v2\/product_tag?post=4509"}],"curies":[{"name":"wp","href":"https:\/\/api.w.org\/{rel}","templated":true}]}}