{"id":4508,"date":"2025-02-06T09:12:58","date_gmt":"2025-02-06T09:12:58","guid":{"rendered":"https:\/\/www.dutchwasabi.nl\/?post_type=product&#038;p=4508"},"modified":"2026-03-05T07:54:17","modified_gmt":"2026-03-05T06:54:17","slug":"yka-blatt-15stk","status":"publish","type":"product","link":"https:\/\/www.dutchwasabi.nl\/de\/yka-blad-15st\/","title":{"rendered":"Frische Yka-Bl\u00e4tter (Oxalis) - 15 Bl\u00e4tter"},"content":{"rendered":"<p><span style=\"color: #000000;\">Yka-Bl\u00e4tter haben einen kr\u00e4ftigen, s\u00e4uerlichen Geschmack mit einem leicht s\u00fc\u00dflichen Unterton. Mit ihrer tiefvioletten Farbe und der hellen Zeichnung sind die Bl\u00e4tter \u00e4u\u00dferst dekorativ.<\/span><\/p>\n<p><span style=\"color: #000000;\">Yka-Bl\u00e4tter passen gut zu Hummer, Jakobsmuscheln oder Schalentieren. Aber auch in Gem\u00fcsegerichten mit \u2018Bodenaromen\u2019 wie R\u00fcben, Karotten oder Knollen kommen sie gut zur Geltung. Passt sehr gut zu ger\u00e4uchertem oder gegrilltem Gem\u00fcse, Fisch und Fleisch. \u00a0<\/span><\/p>\n<p><span style=\"color: #000000;\">Yka Leaves sind in S\u00fcdamerika beheimatet, wo sie besonders in Brasilien verbreitet sind. Yka Leaves geh\u00f6ren zu einer gro\u00dfen Familie: mehr als 900 verschiedene Sorten sind beschrieben worden.<\/span><\/p>\n<p><span style=\"color: #000000;\">Yka Leaves ist das ganze Jahr \u00fcber erh\u00e4ltlich.<\/span><\/p>","protected":false},"excerpt":{"rendered":"<p><span style=\"color: #000000;\">Der Geschmack ist kr\u00e4ftig-s\u00e4uerlich, mit einem leicht s\u00fc\u00dfen Unterton. Die Bl\u00e4tter mit ihrer tiefvioletten Farbe und der leichten Zeichnung sind sehr dekorativ.<\/span><\/p>","protected":false},"featured_media":8626,"template":"","meta":{"_acf_changed":false},"product_brand":[1114],"product_cat":[1036,1035],"product_tag":[337],"class_list":{"0":"post-4508","1":"product","2":"type-product","3":"status-publish","4":"has-post-thumbnail","6":"product_brand-koppert-cress","7":"product_cat-blad","8":"product_cat-vers","9":"product_tag-koppert-cress","10":"product_shipping_class-ups-express","11":"pa_supplier-koppert-cress","13":"first","14":"outofstock","15":"taxable","16":"shipping-taxable","17":"purchasable","18":"product-type-simple"},"acf":[],"_links":{"self":[{"href":"https:\/\/www.dutchwasabi.nl\/de\/wp-json\/wp\/v2\/product\/4508","targetHints":{"allow":["GET"]}}],"collection":[{"href":"https:\/\/www.dutchwasabi.nl\/de\/wp-json\/wp\/v2\/product"}],"about":[{"href":"https:\/\/www.dutchwasabi.nl\/de\/wp-json\/wp\/v2\/types\/product"}],"wp:featuredmedia":[{"embeddable":true,"href":"https:\/\/www.dutchwasabi.nl\/de\/wp-json\/wp\/v2\/media\/8626"}],"wp:attachment":[{"href":"https:\/\/www.dutchwasabi.nl\/de\/wp-json\/wp\/v2\/media?parent=4508"}],"wp:term":[{"taxonomy":"product_brand","embeddable":true,"href":"https:\/\/www.dutchwasabi.nl\/de\/wp-json\/wp\/v2\/product_brand?post=4508"},{"taxonomy":"product_cat","embeddable":true,"href":"https:\/\/www.dutchwasabi.nl\/de\/wp-json\/wp\/v2\/product_cat?post=4508"},{"taxonomy":"product_tag","embeddable":true,"href":"https:\/\/www.dutchwasabi.nl\/de\/wp-json\/wp\/v2\/product_tag?post=4508"}],"curies":[{"name":"wp","href":"https:\/\/api.w.org\/{rel}","templated":true}]}}