{"id":4504,"date":"2025-02-06T09:12:58","date_gmt":"2025-02-06T09:12:58","guid":{"rendered":"https:\/\/www.dutchwasabi.nl\/?post_type=product&#038;p=4504"},"modified":"2026-03-05T07:49:47","modified_gmt":"2026-03-05T06:49:47","slug":"algenpulver-aventurin-180-g","status":"publish","type":"product","link":"https:\/\/www.dutchwasabi.nl\/de\/algenpoeder-aventurine-180-gram\/","title":{"rendered":"Algenpulver Aventurin gr\u00fcn aus den Niederlanden - 180 Gramm"},"content":{"rendered":"<p><span style=\"color: #000000;\">Algenpulver Aventurin beginnt mit dem bekannten Umami-Algengeschmack, der dann in einen leicht s\u00fc\u00df-sauren Nachgeschmack \u00fcbergeht.<\/span><\/p>\n<p><span style=\"color: #000000;\">Algenpulver Aventurin ist eine Quelle von Omega 3 &amp; 6 und eignet sich f\u00fcr eine Vielzahl von Anwendungen und Kombinationen, von herzhaften Gerichten bis hin zu s\u00fc\u00dfen Desserts.<\/span><\/p>\n<p><span style=\"color: #000000;\">Es ist erwiesen, dass Algen seit mehr als 2 Milliarden Jahren auf unserem Globus vorkommen, was sie zu einem lebenswichtigen Bestandteil der \u00d6kosysteme der Erde macht. Die \u00e4ltesten Aufzeichnungen \u00fcber den Verzehr von Algen gibt es von den Azteken. Spanische Entdecker entdeckten, dass die Ureinwohner einen blaugr\u00fcnen Brei aus dem Wasser fischten, den sie in der Sonne trockneten, um ihn wegen seines hohen Gehalts an Chlorophyll und Proteinen (&gt;60%), Vitaminen, Mineralien und Omega-3-Fetts\u00e4uren zu verzehren.<\/span><\/p>\n<p><span style=\"color: #000000;\">Dieses Algenpulver geh\u00f6rt zur Familie der Chlorella und wurde erstmals 1889 von M.W. Beijerink in den Grachten von Delft (Niederlande) entdeckt. Es gibt mehr als hundert Sorten dieser Alge, so dass es m\u00f6glich ist, bestimmte Chlorella-Arten aufgrund ihrer aromatischen und optischen Eigenschaften auszuw\u00e4hlen. Algen k\u00f6nnten ein wichtiger und nachhaltiger Ersatz f\u00fcr tierische Proteine werden. Algen sollen auch zur Reinigung des K\u00f6rpers beitragen, zus\u00e4tzliche Energie liefern und das Immunsystem unterst\u00fctzen.<\/span><\/p>\n<p><span style=\"color: #000000;\">Algenpulver Aventurin ist das ganze Jahr \u00fcber erh\u00e4ltlich.<\/span><\/p>","protected":false},"excerpt":{"rendered":"<p><span style=\"color: #000000;\">Beginnt mit dem bekannten Umami-Algengeschmack und geht dann in einen leicht s\u00fc\u00df-sauren Nachgeschmack \u00fcber. Lange haltbar.<\/span><\/p>","protected":false},"featured_media":8579,"template":"","meta":{"_acf_changed":false},"product_brand":[1114],"product_cat":[1019,1014],"product_tag":[],"class_list":{"0":"post-4504","1":"product","2":"type-product","3":"status-publish","4":"has-post-thumbnail","6":"product_brand-koppert-cress","7":"product_cat-kruiden-en-specerijen","8":"product_cat-food","9":"pa_supplier-koppert-cress","11":"first","12":"instock","13":"taxable","14":"shipping-taxable","15":"purchasable","16":"product-type-simple"},"acf":[],"_links":{"self":[{"href":"https:\/\/www.dutchwasabi.nl\/de\/wp-json\/wp\/v2\/product\/4504","targetHints":{"allow":["GET"]}}],"collection":[{"href":"https:\/\/www.dutchwasabi.nl\/de\/wp-json\/wp\/v2\/product"}],"about":[{"href":"https:\/\/www.dutchwasabi.nl\/de\/wp-json\/wp\/v2\/types\/product"}],"wp:featuredmedia":[{"embeddable":true,"href":"https:\/\/www.dutchwasabi.nl\/de\/wp-json\/wp\/v2\/media\/8579"}],"wp:attachment":[{"href":"https:\/\/www.dutchwasabi.nl\/de\/wp-json\/wp\/v2\/media?parent=4504"}],"wp:term":[{"taxonomy":"product_brand","embeddable":true,"href":"https:\/\/www.dutchwasabi.nl\/de\/wp-json\/wp\/v2\/product_brand?post=4504"},{"taxonomy":"product_cat","embeddable":true,"href":"https:\/\/www.dutchwasabi.nl\/de\/wp-json\/wp\/v2\/product_cat?post=4504"},{"taxonomy":"product_tag","embeddable":true,"href":"https:\/\/www.dutchwasabi.nl\/de\/wp-json\/wp\/v2\/product_tag?post=4504"}],"curies":[{"name":"wp","href":"https:\/\/api.w.org\/{rel}","templated":true}]}}