{"id":4502,"date":"2025-02-06T09:12:58","date_gmt":"2025-02-06T09:12:58","guid":{"rendered":"https:\/\/www.dutchwasabi.nl\/?post_type=product&#038;p=4502"},"modified":"2026-03-18T16:50:20","modified_gmt":"2026-03-18T15:50:20","slug":"algenpoeder-gold-180-gram","status":"publish","type":"product","link":"https:\/\/www.dutchwasabi.nl\/de\/algenpoeder-gold-180-gram\/","title":{"rendered":"Algenpulver Gold-Ton aus den Niederlanden - 180 Gramm"},"content":{"rendered":"<p><span style=\"color: #000000;\">Algae Powder Gold valt op door zijn unieke diepgele, goudachtige kleur. Het poeder heeft een complex smaakprofiel wat zoet begint, langzaam overgaat in umami en een zoetzure nasmaak heeft.<\/span><\/p>\n<p><span style=\"color: #000000;\">Algae Powder Gold\u00a0is een bron van Omega 3 &amp; 6 en is geschikt voor een veelheid aan toepassingen en combinaties, van hartige gerechten tot zoete desserts.<\/span><\/p>\n<p><span style=\"color: #000000;\">Es ist erwiesen, dass Algen seit mehr als 2 Milliarden Jahren auf unserem Globus vorkommen, was sie zu einem lebenswichtigen Bestandteil der \u00d6kosysteme der Erde macht. Die \u00e4ltesten Aufzeichnungen \u00fcber den Verzehr von Algen gibt es von den Azteken. Spanische Entdecker entdeckten, dass die Ureinwohner einen blaugr\u00fcnen Brei aus dem Wasser fischten, den sie in der Sonne trockneten, um ihn wegen seines hohen Gehalts an Chlorophyll und Proteinen (&gt;60%), Vitaminen, Mineralien und Omega-3-Fetts\u00e4uren zu verzehren.<\/span><\/p>\n<p><span style=\"color: #000000;\">Dieses Algenpulver geh\u00f6rt zur Familie der Chlorella und wurde erstmals 1889 von M.W. Beijerink in den Grachten von Delft (Niederlande) entdeckt. Es gibt mehr als hundert Sorten dieser Alge, so dass es m\u00f6glich ist, bestimmte Chlorella-Arten aufgrund ihrer aromatischen und optischen Eigenschaften auszuw\u00e4hlen. Algen k\u00f6nnten ein wichtiger und nachhaltiger Ersatz f\u00fcr tierische Proteine werden. Algen sollen auch zur Reinigung des K\u00f6rpers beitragen, zus\u00e4tzliche Energie liefern und das Immunsystem unterst\u00fctzen.<\/span><\/p>\n<p><span style=\"color: #000000;\">Algae Powder Gold is jaarrond verkrijgbaar.<\/span><\/p>","protected":false},"excerpt":{"rendered":"<p><span style=\"color: #000000;\">Er besticht durch seine einzigartige tiefgelbe, goldene Farbe. Komplexes Geschmacksprofil, das s\u00fc\u00df beginnt, langsam in Umami \u00fcbergeht und einen s\u00fc\u00df-sauren Nachgeschmack hat. Lange haltbar.<\/span><\/p>","protected":false},"featured_media":8591,"template":"","meta":{"_acf_changed":false,"_angie_page":false},"product_brand":[1114],"product_cat":[1019,1014],"product_tag":[],"class_list":{"0":"post-4502","1":"product","2":"type-product","3":"status-publish","4":"has-post-thumbnail","6":"product_brand-koppert-cress","7":"product_cat-kruiden-en-specerijen","8":"product_cat-food","9":"pa_supplier-koppert-cress","11":"first","12":"instock","13":"taxable","14":"shipping-taxable","15":"purchasable","16":"product-type-simple"},"acf":[],"_links":{"self":[{"href":"https:\/\/www.dutchwasabi.nl\/de\/wp-json\/wp\/v2\/product\/4502","targetHints":{"allow":["GET"]}}],"collection":[{"href":"https:\/\/www.dutchwasabi.nl\/de\/wp-json\/wp\/v2\/product"}],"about":[{"href":"https:\/\/www.dutchwasabi.nl\/de\/wp-json\/wp\/v2\/types\/product"}],"wp:featuredmedia":[{"embeddable":true,"href":"https:\/\/www.dutchwasabi.nl\/de\/wp-json\/wp\/v2\/media\/8591"}],"wp:attachment":[{"href":"https:\/\/www.dutchwasabi.nl\/de\/wp-json\/wp\/v2\/media?parent=4502"}],"wp:term":[{"taxonomy":"product_brand","embeddable":true,"href":"https:\/\/www.dutchwasabi.nl\/de\/wp-json\/wp\/v2\/product_brand?post=4502"},{"taxonomy":"product_cat","embeddable":true,"href":"https:\/\/www.dutchwasabi.nl\/de\/wp-json\/wp\/v2\/product_cat?post=4502"},{"taxonomy":"product_tag","embeddable":true,"href":"https:\/\/www.dutchwasabi.nl\/de\/wp-json\/wp\/v2\/product_tag?post=4502"}],"curies":[{"name":"wp","href":"https:\/\/api.w.org\/{rel}","templated":true}]}}