{"id":4480,"date":"2025-02-06T09:12:29","date_gmt":"2025-02-06T09:12:29","guid":{"rendered":"https:\/\/www.dutchwasabi.nl\/?post_type=product&#038;p=4480"},"modified":"2026-03-05T07:49:47","modified_gmt":"2026-03-05T06:49:47","slug":"koppert-kresse-sansho-blatter","status":"publish","type":"product","link":"https:\/\/www.dutchwasabi.nl\/de\/koppert-cress-sansho-leaves\/","title":{"rendered":"Frisches Sansho-Blatt (japanischer Pfeffer, Zanthoxylum) - 1 CupCard (15 Zweige mit Bl\u00e4ttern)"},"content":{"rendered":"<p><span style=\"color: #000000;\">Diese Bl\u00e4tter, die aus derselben Familie wie die japanischen Sansho-Bl\u00e4tter stammen, haben einen frischen Geschmack, der an Zitrusfr\u00fcchte, Yuzu und Kaffernlimetten erinnert. Diese Frische wird mit pfeffrigen und w\u00fcrzigen Noten kombiniert. Der Verzehr dieser Bl\u00e4tter erzeugt ein sanftes Prickeln, \u00e4hnlich wie beim Sechuan-Knopf. Diese frischen Bl\u00e4tter haben einen sensationellen Geschmack.<\/span><\/p>\n<p><span style=\"color: #000000;\">Die Bl\u00e4tter k\u00f6nnen ganz verwendet werden und eignen sich f\u00fcr eine Vielzahl von Anwendungen. Nat\u00fcrlich passt es gut in die nord- und ostasiatische K\u00fcche, aber auch f\u00fcr andere Gerichte ist es gut geeignet. Die zitrusartigen Noten des Blattes passen gut zu Fisch, Fleisch und Schalentieren. Das aromatische, prickelnde Gef\u00fchl ist eine perfekte Erg\u00e4nzung f\u00fcr Cocktails und Aufg\u00fcsse. Desserts werden durch diese besondere reinigende Wirkung auf die Geschmackspalette zu einem wirklich einzigartigen Geschmackserlebnis.<\/span><\/p>\n<p><span style=\"color: #000000;\">Ganzj\u00e4hrig verf\u00fcgbar.<\/span><\/p>","protected":false},"excerpt":{"rendered":"<p><span style=\"color: #000000;\">Ein frischer Geschmack, der an Zitrusfr\u00fcchte, Yuzu und Kaffernlimetten erinnert.<\/span><\/p>","protected":false},"featured_media":8631,"template":"","meta":{"_acf_changed":false},"product_brand":[1114],"product_cat":[1036,1035],"product_tag":[],"class_list":{"0":"post-4480","1":"product","2":"type-product","3":"status-publish","4":"has-post-thumbnail","6":"product_brand-koppert-cress","7":"product_cat-blad","8":"product_cat-vers","9":"product_shipping_class-ups-express","10":"pa_supplier-koppert-cress","12":"first","13":"outofstock","14":"taxable","15":"shipping-taxable","16":"purchasable","17":"product-type-simple"},"acf":[],"_links":{"self":[{"href":"https:\/\/www.dutchwasabi.nl\/de\/wp-json\/wp\/v2\/product\/4480","targetHints":{"allow":["GET"]}}],"collection":[{"href":"https:\/\/www.dutchwasabi.nl\/de\/wp-json\/wp\/v2\/product"}],"about":[{"href":"https:\/\/www.dutchwasabi.nl\/de\/wp-json\/wp\/v2\/types\/product"}],"wp:featuredmedia":[{"embeddable":true,"href":"https:\/\/www.dutchwasabi.nl\/de\/wp-json\/wp\/v2\/media\/8631"}],"wp:attachment":[{"href":"https:\/\/www.dutchwasabi.nl\/de\/wp-json\/wp\/v2\/media?parent=4480"}],"wp:term":[{"taxonomy":"product_brand","embeddable":true,"href":"https:\/\/www.dutchwasabi.nl\/de\/wp-json\/wp\/v2\/product_brand?post=4480"},{"taxonomy":"product_cat","embeddable":true,"href":"https:\/\/www.dutchwasabi.nl\/de\/wp-json\/wp\/v2\/product_cat?post=4480"},{"taxonomy":"product_tag","embeddable":true,"href":"https:\/\/www.dutchwasabi.nl\/de\/wp-json\/wp\/v2\/product_tag?post=4480"}],"curies":[{"name":"wp","href":"https:\/\/api.w.org\/{rel}","templated":true}]}}