{"id":4473,"date":"2025-02-06T09:12:28","date_gmt":"2025-02-06T09:12:28","guid":{"rendered":"https:\/\/www.dutchwasabi.nl\/?post_type=product&#038;p=4473"},"modified":"2026-03-05T07:49:45","modified_gmt":"2026-03-05T06:49:45","slug":"yakitori-stabe-fur-konro-b11","status":"publish","type":"product","link":"https:\/\/www.dutchwasabi.nl\/de\/yakitori-bars-voor-konro-b11\/","title":{"rendered":"Yakitori-St\u00e4be aus Edelstahl f\u00fcr Konro-Grill B-11 - 2 St\u00fcck (L81 x H1,5 cm)"},"content":{"rendered":"<p><span style=\"color: #000000;\">Der Konro-Grill wird standardm\u00e4\u00dfig mit Grillrosten geliefert. Das ist sehr praktisch f\u00fcr einzelne Fleischst\u00fccke. Aber nat\u00fcrlich auch f\u00fcr Spie\u00dfe.\u00a0<\/span><\/p>\n<p><span style=\"color: #000000;\">F\u00fcr Yakitori (gegrilltes H\u00e4hnchen) werden jedoch oft zwei Edelstahlstangen verwendet, die \u00fcber dem Grill liegen. Auf diese Weise h\u00e4ngt das Fleisch auf den Spie\u00dfen sch\u00f6n \u00fcber der Glut. Auf diese Weise wird das Fleisch gleichm\u00e4\u00dfiger gegrillt. Wenn Sie quadratische Spie\u00dfe verwenden, k\u00f6nnen Sie sie auch leicht drehen.\u00a0<\/span><\/p>\n<p><span style=\"color: #000000;\">Die St\u00e4be sind aus rostfreiem Stahl gefertigt und nur wenig l\u00e4nger als der Grill. Dadurch und durch ihr hohes Gewicht bleiben sie an Ort und Stelle.\u00a0<\/span><\/p>\n<p><span style=\"color: #000000;\">Manchmal werden die St\u00e4be mit Alufolie umwickelt, um sie sauber zu halten und zu verhindern, dass sie sich schwarz f\u00e4rben. Dies ist jedoch nicht notwendig.\u00a0<\/span><\/p>\n<p><span style=\"color: #000000;\">Satz mit zwei Stangen, 81 cm lang und 1,5 cm hoch.\u00a0<\/span><\/p>","protected":false},"excerpt":{"rendered":"<p><span style=\"color: #000000;\">Speziell f\u00fcr den Konro B11 Grill angefertigter Satz von Edelstahlst\u00e4ben. Ideal f\u00fcr Yakitori.<\/span><\/p>","protected":false},"featured_media":8688,"template":"","meta":{"_acf_changed":false},"product_brand":[],"product_cat":[1027,1010],"product_tag":[],"class_list":{"0":"post-4473","1":"product","2":"type-product","3":"status-publish","4":"has-post-thumbnail","6":"product_cat-konro-grill","7":"product_cat-keuken-en-tafel","8":"pa_grootte-81-cm-lang-15-cm-hoog","9":"pa_materiaal-rvs","10":"pa_onderhoud-zie-productomschrijving","11":"pa_supplier-kuijvenhoven-machinebouw","13":"first","14":"instock","15":"taxable","16":"shipping-taxable","17":"purchasable","18":"product-type-simple"},"acf":[],"_links":{"self":[{"href":"https:\/\/www.dutchwasabi.nl\/de\/wp-json\/wp\/v2\/product\/4473","targetHints":{"allow":["GET"]}}],"collection":[{"href":"https:\/\/www.dutchwasabi.nl\/de\/wp-json\/wp\/v2\/product"}],"about":[{"href":"https:\/\/www.dutchwasabi.nl\/de\/wp-json\/wp\/v2\/types\/product"}],"wp:featuredmedia":[{"embeddable":true,"href":"https:\/\/www.dutchwasabi.nl\/de\/wp-json\/wp\/v2\/media\/8688"}],"wp:attachment":[{"href":"https:\/\/www.dutchwasabi.nl\/de\/wp-json\/wp\/v2\/media?parent=4473"}],"wp:term":[{"taxonomy":"product_brand","embeddable":true,"href":"https:\/\/www.dutchwasabi.nl\/de\/wp-json\/wp\/v2\/product_brand?post=4473"},{"taxonomy":"product_cat","embeddable":true,"href":"https:\/\/www.dutchwasabi.nl\/de\/wp-json\/wp\/v2\/product_cat?post=4473"},{"taxonomy":"product_tag","embeddable":true,"href":"https:\/\/www.dutchwasabi.nl\/de\/wp-json\/wp\/v2\/product_tag?post=4473"}],"curies":[{"name":"wp","href":"https:\/\/api.w.org\/{rel}","templated":true}]}}