{"id":4438,"date":"2025-02-06T09:11:44","date_gmt":"2025-02-06T09:11:44","guid":{"rendered":"https:\/\/www.dutchwasabi.nl\/?post_type=product&#038;p=4438"},"modified":"2026-03-05T07:49:45","modified_gmt":"2026-03-05T06:49:45","slug":"haaienhuid-wasabi-en-gemberrasp-s","status":"publish","type":"product","link":"https:\/\/www.dutchwasabi.nl\/de\/haaienhuid-wasabi-en-gemberrasp-s\/","title":{"rendered":"Haifischhaut-Wasabi-Ingwer-Reibe - Gr\u00f6\u00dfe S"},"content":{"rendered":"<p><span style=\"color: #000000;\">Japanische Holzreibe mit Haifischhaut. Obwohl immer mehr Menschen Metallreibe zum Reiben von Wasabi verwenden, werden in Japan traditionell Holzreibe mit Haifischhaut verwendet.\u00a0<\/span><\/p>\n<p><span style=\"color: #000000;\">Diese Reiben ergeben eine feine Paste. Verwenden Sie sie sowohl f\u00fcr Wasabi als auch f\u00fcr Ingwer. F\u00fcr eine optimale Verwendung verwenden Sie eine Bambusb\u00fcrste, um die Paste von der Reibe aufzufangen. Auf diese Weise bleibt nichts auf der Reibe zur\u00fcck.<\/span><\/p>\n<p><span style=\"color: #000000;\">Der Unterschied zu anderen Reiben ist, dass diese Reibe keine L\u00f6cher hat. Dadurch werden die Zellen des Wasabi sozusagen fein zerkleinert. Durch das Reiben bricht man die Struktur des Wasabi auf und erst dann werden die Aromen freigesetzt.\u00a0\u00a0<\/span><\/p>","protected":false},"excerpt":{"rendered":"<p><span style=\"color: #000000;\">Diese traditionelle, professionelle Reibe macht aus dem Rhizom eine feine Wasabi-Paste. Auch f\u00fcr Ingwer geeignet. F\u00fcr eine optimale Verwendung verwenden Sie einen Bambuspinsel, um die Paste von der Reibe aufzufangen. Erh\u00e4ltlich in 3 Gr\u00f6\u00dfen.<\/span><\/p>","protected":false},"featured_media":8475,"template":"","meta":{"_acf_changed":false,"_angie_page":false},"product_brand":[969],"product_cat":[1030,1010,1181,1070],"product_tag":[],"class_list":{"0":"post-4438","1":"product","2":"type-product","3":"status-publish","4":"has-post-thumbnail","6":"product_brand-dutch-wasabi","7":"product_cat-raspen","8":"product_cat-keuken-en-tafel","9":"product_cat-sushi","10":"product_cat-wasabi-vers","11":"pa_materiaal-haaienhuid-met-hout","12":"pa_onderhoud-afspoelen-met-lauw-water-evt-voorzichtig-met-een-zacht-borsteltje-goed-laten-drogen-en-bewaren-op-een-droge-koele-plek-niet-geschikt-voor-de-vaatwasser","13":"pa_raspoppervlak-65-x-55-cm","14":"pa_supplier-rangelrooij","16":"first","17":"outofstock","18":"taxable","19":"shipping-taxable","20":"purchasable","21":"product-type-simple"},"acf":[],"_links":{"self":[{"href":"https:\/\/www.dutchwasabi.nl\/de\/wp-json\/wp\/v2\/product\/4438","targetHints":{"allow":["GET"]}}],"collection":[{"href":"https:\/\/www.dutchwasabi.nl\/de\/wp-json\/wp\/v2\/product"}],"about":[{"href":"https:\/\/www.dutchwasabi.nl\/de\/wp-json\/wp\/v2\/types\/product"}],"wp:featuredmedia":[{"embeddable":true,"href":"https:\/\/www.dutchwasabi.nl\/de\/wp-json\/wp\/v2\/media\/8475"}],"wp:attachment":[{"href":"https:\/\/www.dutchwasabi.nl\/de\/wp-json\/wp\/v2\/media?parent=4438"}],"wp:term":[{"taxonomy":"product_brand","embeddable":true,"href":"https:\/\/www.dutchwasabi.nl\/de\/wp-json\/wp\/v2\/product_brand?post=4438"},{"taxonomy":"product_cat","embeddable":true,"href":"https:\/\/www.dutchwasabi.nl\/de\/wp-json\/wp\/v2\/product_cat?post=4438"},{"taxonomy":"product_tag","embeddable":true,"href":"https:\/\/www.dutchwasabi.nl\/de\/wp-json\/wp\/v2\/product_tag?post=4438"}],"curies":[{"name":"wp","href":"https:\/\/api.w.org\/{rel}","templated":true}]}}