{"id":4385,"date":"2025-02-06T09:10:30","date_gmt":"2025-02-06T09:10:30","guid":{"rendered":"https:\/\/www.dutchwasabi.nl\/?post_type=product&#038;p=4385"},"modified":"2026-04-05T17:38:39","modified_gmt":"2026-04-05T15:38:39","slug":"chokyu-kijoshu-1997","status":"publish","type":"product","link":"https:\/\/www.dutchwasabi.nl\/de\/chokyu-kijoshu-1997\/","title":{"rendered":"Chokyu 1997 gereifter bitters\u00fc\u00dfer Sake - 300 ml"},"content":{"rendered":"<p><span style=\"color: #000000;\">Wurde nur einmal im Jahr 1997 gebraut. Bitters\u00fc\u00dfer kij\u014dshu (port\u00e4hnlicher Sake) mit tiefem Karamellgeschmack.  Geeignet als Aperitif, Digestif oder zu jedem Dessert. Bei Zimmertemperatur trinken. An einem dunklen Ort aufbewahren.<\/span><\/p>\n<h2><span style=\"color: #3b5249;\">Empfohlen unter<\/span><\/h2>\n<p><span style=\"color: #000000;\">Fleisch, aber auch mit Sojasauce und Miso gew\u00fcrzte und sogar scharfe Gerichte.<\/span><\/p>\n<h2><span style=\"color: #3b5249;\">Brauerei<\/span><\/h2>\n<p><span style=\"color: #000000;\">Nakano BC ist eine relativ neue Brauerei, die 1961 gegr\u00fcndet wurde. Kinokuniya Bunzaemon ist die Hauptmarke der Brauerei. Im Jahr 2007 kam eine neue Linie reiner, lang gereifter Sake namens Ch\u014dch\u014dky\u016b hinzu. Die Brauerei zeigt das regionale Kolorit der Pr\u00e4fektur Wakayama und stellt auch viele Sorten Pflaumen-Sake her.<\/span><\/p>\n<div class=\"elfsight-app-6f22c6d8-3dfd-4243-8f94-a646b4a01649\" data-elfsight-app-lazy=\"\"><\/div>","protected":false},"excerpt":{"rendered":"<p><span style=\"color: #000000;\">Bitters\u00fc\u00dfer, portwein\u00e4hnlicher Junmai-Sake mit tiefem Karamellgeschmack. Wird nur einmal hergestellt. Ein Teil des Wassers in den Zutaten wird seit 1997 durch Sake (kijoshu) ersetzt und gereift (koshu). Geeignet als Aperitif, Digestif oder zu jedem Dessert. Bei Zimmertemperatur trinken.\u00a0<\/span><\/p>","protected":false},"featured_media":4463,"template":"","meta":{"_acf_changed":false,"_angie_page":false},"product_brand":[1163],"product_cat":[1025,1024,1026],"product_tag":[],"class_list":{"0":"post-4385","1":"product","2":"type-product","3":"status-publish","4":"has-post-thumbnail","6":"product_brand-nakano-bc","7":"product_cat-sake","8":"product_cat-dranken","9":"product_cat-matured-deep","10":"pa_alcohol-430","11":"pa_brouwerij-nakano-bc","12":"pa_rijst_polijsting-422","13":"pa_sake_categorie-gerijpt-diep-van-smaak","14":"pa_sake_meter_value-470","15":"pa_sake_type-junmai-yamahai-koshu-gerijpt-20-jaar","16":"pa_serveren-kamertemperatuur","17":"pa_supplier-yoigokochi","18":"pa_zuurgraad-471","20":"first","21":"instock","22":"taxable","23":"shipping-taxable","24":"purchasable","25":"product-type-simple"},"acf":[],"_links":{"self":[{"href":"https:\/\/www.dutchwasabi.nl\/de\/wp-json\/wp\/v2\/product\/4385","targetHints":{"allow":["GET"]}}],"collection":[{"href":"https:\/\/www.dutchwasabi.nl\/de\/wp-json\/wp\/v2\/product"}],"about":[{"href":"https:\/\/www.dutchwasabi.nl\/de\/wp-json\/wp\/v2\/types\/product"}],"wp:featuredmedia":[{"embeddable":true,"href":"https:\/\/www.dutchwasabi.nl\/de\/wp-json\/wp\/v2\/media\/4463"}],"wp:attachment":[{"href":"https:\/\/www.dutchwasabi.nl\/de\/wp-json\/wp\/v2\/media?parent=4385"}],"wp:term":[{"taxonomy":"product_brand","embeddable":true,"href":"https:\/\/www.dutchwasabi.nl\/de\/wp-json\/wp\/v2\/product_brand?post=4385"},{"taxonomy":"product_cat","embeddable":true,"href":"https:\/\/www.dutchwasabi.nl\/de\/wp-json\/wp\/v2\/product_cat?post=4385"},{"taxonomy":"product_tag","embeddable":true,"href":"https:\/\/www.dutchwasabi.nl\/de\/wp-json\/wp\/v2\/product_tag?post=4385"}],"curies":[{"name":"wp","href":"https:\/\/api.w.org\/{rel}","templated":true}]}}