{"id":4349,"date":"2025-02-06T09:09:29","date_gmt":"2025-02-06T09:09:29","guid":{"rendered":"https:\/\/www.dutchwasabi.nl\/?post_type=product&#038;p=4349"},"modified":"2026-03-05T07:49:43","modified_gmt":"2026-03-05T06:49:43","slug":"shiso-lila-2","status":"publish","type":"product","link":"https:\/\/www.dutchwasabi.nl\/de\/shiso-paars\/","title":{"rendered":"Violette Shiso-Pflanze (Perilla, Minzgew\u00e4chse)"},"content":{"rendered":"<p><span style=\"color: #000000;\">Shiso (Perilla frutescens) ist ein japanisches Kraut aus der Familie der Minzgew\u00e4chse, das auch unter anderen Namen wie Perilla, Steakpflanze, chinesisches Basilikum und violette Minze bekannt ist. Es gibt drei Farbvarianten: gr\u00fcn, rot\/violett und zweifarbig (gr\u00fcn und violett).<\/span><\/p>\n<h2><span style=\"color: #3b5249;\">Leitfaden f\u00fcr die Shiso-Zucht<\/span><\/h2>\n<h3><span style=\"color: #3b5249;\">Beine<\/span><\/h3>\n<p><span style=\"color: #000000;\">Shiso w\u00e4chst schnell bis zu 100 cm in die L\u00e4nge und bildet viele Bl\u00e4tter aus. Im Sp\u00e4tsommer beginnt die Bl\u00fctezeit. Danach werfen die Pflanzen langsam ihre Bl\u00e4tter ab, bevor der erste Frost kommt, nach dem die Pflanze abstirbt.\u00a0<\/span><\/p>\n<p><span style=\"color: #000000;\">Der Anbau von Shiso ist einfach. Wenn Sie Basilikum anbauen k\u00f6nnen, k\u00f6nnen Sie auch Shiso anbauen. Pflanzen Sie die Pflanze im Garten in gut durchl\u00e4ssige, feuchte Erde an einem sonnigen oder halbschattigen Platz. Sie k\u00f6nnen die Pflanze auch in einem Topf oder im Haus anbauen, aber achten Sie darauf, dass Sie gen\u00fcgend Platz lassen und ausreichend gie\u00dfen. Verwenden Sie normalen Kompost und mischen Sie, falls vorhanden, kompostierte Rinde f\u00fcr zus\u00e4tzliche Struktur (Luft) und Drainage bei.\u00a0<\/span><\/p>\n<h3><span style=\"color: #3b5249;\">Ernten<\/span><\/h3>\n<p><span style=\"color: #000000;\">Ernten Sie w\u00e4hrend der gesamten Saison Bl\u00e4tter und Bl\u00fcten. Je mehr Triebspitzen Sie entfernen, desto buschiger bleibt die Pflanze.<\/span><\/p>\n<h3><span style=\"color: #3b5249;\">Vorbereiten<\/span><\/h3>\n<p><span style=\"color: #000000;\">Entfernen und trocknen Sie alle Bl\u00e4tter vor dem ersten Nachtfrost und bewahren Sie sie auf, um sie wie jedes andere Kraut in So\u00dfen, Suppen und Eint\u00f6pfen zu verwenden. Aus den getrockneten oder frischen Bl\u00e4ttern l\u00e4sst sich auch ein hervorragender Tee zubereiten. Tee aus violetten und zweifarbigen Bl\u00e4ttern f\u00e4ngt blau an und f\u00e4rbt sich dann dunkelviolett. F\u00fcr einen k\u00f6stlichen Eistee gie\u00dfen Sie den Tee mit Eis auf und f\u00fcgen einen Spritzer Zitronen- oder Yuzu-Saft hinzu, um ihn herrlich erfrischend zu machen.<\/span><\/p>","protected":false},"excerpt":{"rendered":"<div class=\"woocommerce-product-details__short-description\">\n<p><span style=\"color: #000000;\">Ein japanisches Kraut aus der Familie der Minzen. Wird auch Perilla, Beefsteak-Pflanze, chinesisches Basilikum oder violette Minze genannt. Drei Farbvarianten: gr\u00fcn, rot-violett und zweifarbig (gr\u00fcn und violett). Die Bl\u00e4tter k\u00f6nnen in So\u00dfen, Suppen und Eint\u00f6pfen verwendet werden und ergeben auch einen hervorragenden Tee.<\/span><\/p>\n<\/div>","protected":false},"featured_media":4443,"template":"","meta":{"_acf_changed":false,"_angie_page":false},"product_brand":[969],"product_cat":[1023,1012,1019,1051],"product_tag":[],"class_list":{"0":"post-4349","1":"product","2":"type-product","3":"status-publish","4":"has-post-thumbnail","6":"product_brand-dutch-wasabi","7":"product_cat-shiso","8":"product_cat-bomen-en-planten","9":"product_cat-kruiden-en-specerijen","10":"product_cat-thee","11":"pa_onderhoud-zie-productomschrijving","12":"pa_plantsoort-paarse-shisoplant-perilla","13":"pa_supplier-dutch-wasabi","15":"first","16":"outofstock","17":"taxable","18":"shipping-taxable","19":"purchasable","20":"product-type-simple"},"acf":[],"_links":{"self":[{"href":"https:\/\/www.dutchwasabi.nl\/de\/wp-json\/wp\/v2\/product\/4349","targetHints":{"allow":["GET"]}}],"collection":[{"href":"https:\/\/www.dutchwasabi.nl\/de\/wp-json\/wp\/v2\/product"}],"about":[{"href":"https:\/\/www.dutchwasabi.nl\/de\/wp-json\/wp\/v2\/types\/product"}],"wp:featuredmedia":[{"embeddable":true,"href":"https:\/\/www.dutchwasabi.nl\/de\/wp-json\/wp\/v2\/media\/4443"}],"wp:attachment":[{"href":"https:\/\/www.dutchwasabi.nl\/de\/wp-json\/wp\/v2\/media?parent=4349"}],"wp:term":[{"taxonomy":"product_brand","embeddable":true,"href":"https:\/\/www.dutchwasabi.nl\/de\/wp-json\/wp\/v2\/product_brand?post=4349"},{"taxonomy":"product_cat","embeddable":true,"href":"https:\/\/www.dutchwasabi.nl\/de\/wp-json\/wp\/v2\/product_cat?post=4349"},{"taxonomy":"product_tag","embeddable":true,"href":"https:\/\/www.dutchwasabi.nl\/de\/wp-json\/wp\/v2\/product_tag?post=4349"}],"curies":[{"name":"wp","href":"https:\/\/api.w.org\/{rel}","templated":true}]}}