{"id":4333,"date":"2025-02-06T09:09:28","date_gmt":"2025-02-06T09:09:28","guid":{"rendered":"https:\/\/www.dutchwasabi.nl\/?post_type=product&#038;p=4333"},"modified":"2026-03-05T07:49:43","modified_gmt":"2026-03-05T06:49:43","slug":"monaka-muschel-sakura-650-satze-c125","status":"publish","type":"product","link":"https:\/\/www.dutchwasabi.nl\/de\/monaka-shell-sakura-650-sets-c125\/","title":{"rendered":"Monaka-Schalen (leer) - Sakura-Form - C125 (650 Sets)"},"content":{"rendered":"<p><span style=\"color: #000000;\">Monaka ist eine Art Wagashi (\u201cjapanische S\u00fc\u00dfigkeit\u201d), die aus zwei Schalen aus Klebreis besteht, zwischen denen sich eine s\u00fc\u00dfe rote Bohnenpaste aus Azukibohnen befindet.\u00a0<em>(anko\/an)\u00a0<\/em>(auch in unserem Sortiment erh\u00e4ltlich). Verwenden Sie diese sch\u00f6nen Muscheln, um Ihre eigenen Monaka zu Hause zu machen.<\/span><\/p>\n<p><span style=\"color: #000000;\">Die Schalen werden aus Klebreis (Mehl) hergestellt und dann ger\u00f6stet. Ein wenig von dieser R\u00f6stung kann man auch in den Schalen schmecken.\u00a0<\/span><\/p>\n<p><span style=\"color: #000000;\">F\u00fcllen Sie sie auf traditionelle Weise mit s\u00fc\u00dfer roter Bohnenpaste\u00a0<em>(anko\/an)<\/em>, oder experimentieren Sie mit Pudding, Marmelade oder Eiscreme! Aufgrund ihrer sch\u00f6nen Pr\u00e4sentation experimentieren immer mehr K\u00f6che neben den s\u00fc\u00dfen auch mit anderen herzhaften Gerichten.<\/span><\/p>\n<p><span style=\"color: #000000;\">Um die Muscheln besonders knusprig zu machen, legen Sie sie f\u00fcr 30 Sekunden in einen hei\u00dfen Ofen bei 200\u00b0C. Dies ist vor allem bei den Gro\u00dfpackungen ratsam, da die Schalen nach l\u00e4ngerem \u00d6ffnen weniger knusprig werden.\u00a0<\/span><\/p>\n<p><span style=\"color: #000000;\">Gr\u00f6\u00dfe: B55mm\u00d7T55mm\u00d7H12,5mm (pro Schale)<\/span><br \/>\n<span style=\"color: #000000;\">Volumen: 13cc (pro Schale)<\/span><br \/>\n<span style=\"color: #000000;\">Anzahl: 1300 Granaten, 650 Monaka-Sets<\/span><\/p>","protected":false},"excerpt":{"rendered":"<p><span style=\"color: #000000;\">Monaka ist eine Art Wagashi (\u201cjapanische S\u00fc\u00dfigkeit\u201d), die aus zwei Schalen aus Klebreis besteht, zwischen denen sich eine s\u00fc\u00dfe rote Bohnenpaste aus Azukibohnen befindet.\u00a0<em>(anko\/an)\u00a0<\/em>Verwenden Sie diese sch\u00f6nen Schalen, um Ihre eigenen Monaka zu Hause herzustellen. Variieren Sie und kreieren Sie eine sch\u00f6ne Pr\u00e4sentation f\u00fcr s\u00fc\u00dfe und herzhafte Gerichte.<\/span><\/p>","protected":false},"featured_media":4393,"template":"","meta":{"_acf_changed":false},"product_brand":[1147],"product_cat":[1018,1014,1175,1016],"product_tag":[],"class_list":{"0":"post-4333","1":"product","2":"type-product","3":"status-publish","4":"has-post-thumbnail","6":"product_brand-kagadane","7":"product_cat-monaka-schelpen","8":"product_cat-food","9":"product_cat-mochi","10":"product_cat-sakura","11":"pa_grootte-b55-x-d55-x-h125-mm-13cc-per-schelp","12":"pa_supplier-chinriu","14":"first","15":"outofstock","16":"taxable","17":"shipping-taxable","18":"purchasable","19":"product-type-simple"},"acf":[],"_links":{"self":[{"href":"https:\/\/www.dutchwasabi.nl\/de\/wp-json\/wp\/v2\/product\/4333","targetHints":{"allow":["GET"]}}],"collection":[{"href":"https:\/\/www.dutchwasabi.nl\/de\/wp-json\/wp\/v2\/product"}],"about":[{"href":"https:\/\/www.dutchwasabi.nl\/de\/wp-json\/wp\/v2\/types\/product"}],"wp:featuredmedia":[{"embeddable":true,"href":"https:\/\/www.dutchwasabi.nl\/de\/wp-json\/wp\/v2\/media\/4393"}],"wp:attachment":[{"href":"https:\/\/www.dutchwasabi.nl\/de\/wp-json\/wp\/v2\/media?parent=4333"}],"wp:term":[{"taxonomy":"product_brand","embeddable":true,"href":"https:\/\/www.dutchwasabi.nl\/de\/wp-json\/wp\/v2\/product_brand?post=4333"},{"taxonomy":"product_cat","embeddable":true,"href":"https:\/\/www.dutchwasabi.nl\/de\/wp-json\/wp\/v2\/product_cat?post=4333"},{"taxonomy":"product_tag","embeddable":true,"href":"https:\/\/www.dutchwasabi.nl\/de\/wp-json\/wp\/v2\/product_tag?post=4333"}],"curies":[{"name":"wp","href":"https:\/\/api.w.org\/{rel}","templated":true}]}}