{"id":4332,"date":"2025-02-06T09:09:28","date_gmt":"2025-02-06T09:09:28","guid":{"rendered":"https:\/\/www.dutchwasabi.nl\/?post_type=product&#038;p=4332"},"modified":"2026-04-15T11:32:46","modified_gmt":"2026-04-15T09:32:46","slug":"yakiniku-sauce-300ml-2","status":"publish","type":"product","link":"https:\/\/www.dutchwasabi.nl\/de\/yakiniku-saus-300ml\/","title":{"rendered":"Yakiniku BBQ-Sauce - 300 ml"},"content":{"rendered":"<p>Diese Yakiniku-Sauce (japanische BBQ-Sauce) ist eine k\u00f6stliche Mischung aus salzig, s\u00fc\u00df und w\u00fcrzig mit einem kr\u00e4ftigen Sesamgeschmack. In der japanischen K\u00fcche wird sie meist zum W\u00fcrzen von gegrilltem Fleisch verwendet.<\/p>\n<p>Hergestellt aus einer traditionell gebrauten Tamari-Sojasauce, ges\u00fc\u00dft mit \u00c4pfeln und Birnen.<\/p>\n<p>Die Sesamsamen in der Yakiniku-Grillsauce verleihen dieser Dip-Sauce eine wunderbare Geschmackskomplexit\u00e4t. Sie kann auch als Gew\u00fcrz, Lack oder Marinade f\u00fcr Fleisch und Gem\u00fcse verwendet werden.<\/p>","protected":false},"excerpt":{"rendered":"<p>Eine k\u00f6stliche Dip-Sauce nach japanischer Art mit vielen Verwendungsm\u00f6glichkeiten. Eine k\u00f6stliche Mischung aus salzig, s\u00fc\u00df und w\u00fcrzig mit einem kr\u00e4ftigen Sesamgeschmack.<\/p>","protected":false},"featured_media":4390,"template":"","meta":{"_acf_changed":false,"_angie_page":false},"product_brand":[1148],"product_cat":[1014,1017],"product_tag":[],"class_list":{"0":"post-4332","1":"product","2":"type-product","3":"status-publish","4":"has-post-thumbnail","6":"product_brand-sato-brewery","7":"product_cat-food","8":"product_cat-sauzen","9":"pa_supplier-chinriu","11":"first","12":"outofstock","13":"taxable","14":"shipping-taxable","15":"purchasable","16":"product-type-simple"},"acf":[],"_links":{"self":[{"href":"https:\/\/www.dutchwasabi.nl\/de\/wp-json\/wp\/v2\/product\/4332","targetHints":{"allow":["GET"]}}],"collection":[{"href":"https:\/\/www.dutchwasabi.nl\/de\/wp-json\/wp\/v2\/product"}],"about":[{"href":"https:\/\/www.dutchwasabi.nl\/de\/wp-json\/wp\/v2\/types\/product"}],"wp:featuredmedia":[{"embeddable":true,"href":"https:\/\/www.dutchwasabi.nl\/de\/wp-json\/wp\/v2\/media\/4390"}],"wp:attachment":[{"href":"https:\/\/www.dutchwasabi.nl\/de\/wp-json\/wp\/v2\/media?parent=4332"}],"wp:term":[{"taxonomy":"product_brand","embeddable":true,"href":"https:\/\/www.dutchwasabi.nl\/de\/wp-json\/wp\/v2\/product_brand?post=4332"},{"taxonomy":"product_cat","embeddable":true,"href":"https:\/\/www.dutchwasabi.nl\/de\/wp-json\/wp\/v2\/product_cat?post=4332"},{"taxonomy":"product_tag","embeddable":true,"href":"https:\/\/www.dutchwasabi.nl\/de\/wp-json\/wp\/v2\/product_tag?post=4332"}],"curies":[{"name":"wp","href":"https:\/\/api.w.org\/{rel}","templated":true}]}}