{"id":13181,"date":"2026-04-24T18:18:02","date_gmt":"2026-04-24T16:18:02","guid":{"rendered":"https:\/\/www.dutchwasabi.nl\/?post_type=product&#038;p=13181"},"modified":"2026-04-24T19:12:42","modified_gmt":"2026-04-24T17:12:42","slug":"tomasu-salz-mit-barlauch-saisonale-ausgabe-2026-135g","status":"publish","type":"product","link":"https:\/\/www.dutchwasabi.nl\/de\/tomasu-zout-met-wilde-knoflook-seizoen-editie-2026-135-gram\/","title":{"rendered":"Tomasu Salz mit B\u00e4rlauch - saisonale Ausgabe 2026 - 135g"},"content":{"rendered":"<p><span style=\"color: #000000;\">De nieuwste seizoenseditie van de geliefde Tomasu producten. \u00c9en ding is zeker: in dit potje is veel aandacht, liefde en tijd gestoken; en dat proef je! Naast hun ijzersterke vaste, signature assortiment blijven ze bij Tomasu nieuwsgierig in experimenteren en pakken ze vooral aan wat ze \u00e9cht leuk vinden; zoals bij deze wilde knoflook release. Zelf zeggen ze hier het volgende over:<\/span><\/p>\n<p><span style=\"color: #000000;\">\u00a0\u2018\u2019Elk jaar herinnert wilde knoflook ons eraan dat de lente is aangebroken. Al vroeg in het voorjaar duwt het zich door de grond naar boven: fris, geurig en onmogelijk te negeren. Het is maar een kort moment, en dan is het weer verdwenen. We hebben geleerd om op te letten en snel te handelen.<\/span><\/p>\n<p><span style=\"color: #000000;\">Een deel van wat deze release bijzonder maakt, is de herkomst van de wilde knoflook. We plukken een deel zelf, met een beetje hulp van Landzicht Biologisch en onder begeleiding van Hoekschewaards Landschap, die ons naar de beste plekken wijzen. Er is iets aan het zelf verzamelen dat blijft hangen. Alles wat daarna komt, voelt simpelweg bewuster.<\/span><\/p>\n<p><span style=\"color: #000000;\">\u201cHet is groen, levendig en een beetje wild\u201d<\/span><\/p>\n<p><span style=\"color: #000000;\">Wilde knoflook heeft een kwaliteit die moeilijk te omschrijven is. Het is groen, levendig en een beetje wild, maar heeft ook een diepte die zich in de loop van de tijd ontwikkelt. We waren benieuwd wat er zou gebeuren als we het samen met onze sojasaus zouden laten rusten, precies lang genoeg om elkaar te vinden. Dat is precies wat we hebben gedaan. De wilde knoflook heeft nu een jaar in ons vat gelegen en is langzaam onderdeel geworden van de sojasaus. Dit jaar hebben we een tweede lading verse bladeren toegevoegd om wat frisheid terug te brengen. Onze manier om een stukje lente in een fles te vangen.<\/span><\/p>\n<p><span style=\"color: #000000;\">Daarna hebben we het gezeefd, de bladeren gedroogd en gemengd met ons sojazout. Zo ontstonden er twee producten uit dit experiment: Wild Garlic Soy en Wild Garlic Salt. We waren niet van plan om beide te maken, maar die bladeren hadden nog zoveel te geven.<\/span><\/p>\n<p><span style=\"color: #000000;\">We zouden allerlei aanbevelingen kunnen doen voor het gebruik van beide producten. Maar zoals sommigen van jullie waarschijnlijk weten\u2026 wij zijn geen chefs. We houden het liever bij het brouwen van sojasaus. Toch ligt het met zo\u2019n seizoensproduct voor de hand om het te proberen bij typische lentegerechten. Maar we zeggen liever niet te veel. Dit soort dingen ontdek je het beste in je eigen keuken, op je eigen moment.<\/span><\/p>\n<p><span style=\"color: #000000;\">Dit is een seizoensrelease, slechts kort verkrijgbaar, zoals het hoort. Maar als je het dit jaar mist, is de kans groot dat het volgend voorjaar terugkomt. Wilde knoflook heeft de neiging ervoor te zorgen dat we het niet vergeten.<\/span><\/p>\n<p><span style=\"color: #000000;\">Geniet ervan.\u2019\u2019<\/span><\/p>","protected":false},"excerpt":{"rendered":"<p><span style=\"color: #000000;\">Die ganz neue saisonale Ausgabe der beliebten Tomasu-Produkte! Hergestellt aus lokal geerntetem und getrocknetem B\u00e4rlauch. Mindestens 24 Monate lang gereift. Ein tiefer, umami-reicher Geschmack mit einer frischen, w\u00fcrzigen Note. Saisonal und daher nur begrenzt verf\u00fcgbar.<\/span><\/p>","protected":false},"featured_media":13175,"template":"","meta":{"_acf_changed":false},"product_brand":[1091],"product_cat":[1014,1084,1042],"product_tag":[],"class_list":{"0":"post-13181","1":"product","2":"type-product","3":"status-publish","4":"has-post-thumbnail","6":"product_brand-tomasu","7":"product_cat-food","8":"product_cat-nieuw","9":"product_cat-sojasaus","11":"first","12":"instock","13":"featured","14":"taxable","15":"shipping-taxable","16":"purchasable","17":"product-type-simple"},"acf":[],"_links":{"self":[{"href":"https:\/\/www.dutchwasabi.nl\/de\/wp-json\/wp\/v2\/product\/13181","targetHints":{"allow":["GET"]}}],"collection":[{"href":"https:\/\/www.dutchwasabi.nl\/de\/wp-json\/wp\/v2\/product"}],"about":[{"href":"https:\/\/www.dutchwasabi.nl\/de\/wp-json\/wp\/v2\/types\/product"}],"wp:featuredmedia":[{"embeddable":true,"href":"https:\/\/www.dutchwasabi.nl\/de\/wp-json\/wp\/v2\/media\/13175"}],"wp:attachment":[{"href":"https:\/\/www.dutchwasabi.nl\/de\/wp-json\/wp\/v2\/media?parent=13181"}],"wp:term":[{"taxonomy":"product_brand","embeddable":true,"href":"https:\/\/www.dutchwasabi.nl\/de\/wp-json\/wp\/v2\/product_brand?post=13181"},{"taxonomy":"product_cat","embeddable":true,"href":"https:\/\/www.dutchwasabi.nl\/de\/wp-json\/wp\/v2\/product_cat?post=13181"},{"taxonomy":"product_tag","embeddable":true,"href":"https:\/\/www.dutchwasabi.nl\/de\/wp-json\/wp\/v2\/product_tag?post=13181"}],"curies":[{"name":"wp","href":"https:\/\/api.w.org\/{rel}","templated":true}]}}